{"id":344,"date":"2019-05-02T23:44:56","date_gmt":"2019-05-02T21:44:56","guid":{"rendered":"http:\/\/koehlerycia.omwp.cl\/?page_id=344"},"modified":"2019-08-02T05:53:13","modified_gmt":"2019-08-02T03:53:13","slug":"asesoria-legal-inmobiliaria","status":"publish","type":"page","link":"https:\/\/koehlerycia.cl\/index.php\/asesoria-legal-inmobiliaria\/","title":{"rendered":"ASESOR\u00cdA LEGAL TRIBUTARIA INMOBILIARIA"},"content":{"rendered":"<div class=\"flex_column av_one_half  flex_column_div av-zero-column-padding first  avia-builder-el-0  el_before_av_one_half  avia-builder-el-first  \" style='border-radius:0px -10px 0px 0px ; '><section class=\"av_textblock_section \"  itemscope=\"itemscope\" itemtype=\"https:\/\/schema.org\/CreativeWork\" ><div class='avia_textblock  '   itemprop=\"text\" ><h4>ASESOR\u00cdA LEGAL INMOBILIARIA<\/h4>\n<\/div><\/section><br \/>\n<section class=\"av_textblock_section \"  itemscope=\"itemscope\" itemtype=\"https:\/\/schema.org\/CreativeWork\" ><div class='avia_textblock  '   itemprop=\"text\" ><p>ASESOR\u00cdA LEGAL INMOBILIARIA<\/p>\n<p align=\"justify\">Confecci\u00f3n de todos tipo de contratos para proyectos inmobiliarios, confecci\u00f3n informes estudio t\u00edtulos de dominio, saneamiento t\u00edtulos de dominio, asesor\u00eda copropiedad inmobiliaria, asesor\u00eda soluci\u00f3n conflictos con entidades gubernamentales.<\/p>\n<ul>\n<li>Estudio e Informe de t\u00edtulos, respecto de Inmuebles, Comunidades, Copropiedades, Cooperativas, Sociedades, Empresas y Fondos de Inversi\u00f3n Privados. Saneamiento de t\u00edtulos de dominio.<\/li>\n<li>Negociaci\u00f3n y redacci\u00f3n de contratos para la adquisici\u00f3n de terrenos para el desarrollo de proyectos inmobiliarios<br \/>\nRedacci\u00f3n de informes en Derecho, en materias inmobiliarias relacionadas con el derecho inmobiliario, administrativo y civil.<\/li>\n<li>Presentaciones administrativas y reclamos ante las Municipalidades, Direcci\u00f3n de Obras Municipales, Contralor\u00eda General de la Rep\u00fablica, Servicios de Impuestos Internos, Tesorer\u00eda General de la Rep\u00fablica, Secretar\u00eda Ministeriales y \u00a0Ministerios de Vivienda y Urbanismo.<\/li>\n<\/ul>\n<\/div><\/section><\/p><\/div><div class=\"flex_column av_one_half  flex_column_div av-zero-column-padding   avia-builder-el-3  el_after_av_one_half  avia-builder-el-last  \" style='border-radius:0px; '><div class='avia-image-container  av-styling-    avia-builder-el-4  avia-builder-el-no-sibling  avia-align-center '  itemprop=\"image\" itemscope=\"itemscope\" itemtype=\"https:\/\/schema.org\/ImageObject\"  ><div class='avia-image-container-inner'><div class='avia-image-overlay-wrap'><img class='avia_image' src='https:\/\/koehlerycia.cl\/wp-content\/uploads\/2019\/05\/edificio-2.jpg' alt='Edificio legal, asesor\u00eda tributaria, asesor\u00eda inmobiliaria, asesoria legal inmobiliaria' title='Asesor\u00eda Legal' height=\"650\" width=\"550\"  itemprop=\"thumbnailUrl\"  \/><\/div><\/div><\/div><\/div><\/p>\n","protected":false},"excerpt":{"rendered":"<p>Contamos con expertos en asesor\u00eda legal inmobiliaria. Confecci\u00f3n de contratos, asesor\u00eda y estudios<\/p>\n","protected":false},"author":3,"featured_media":456,"parent":0,"menu_order":0,"comment_status":"closed","ping_status":"closed","template":"","meta":{"footnotes":""},"class_list":["post-344","page","type-page","status-publish","has-post-thumbnail","hentry"],"yoast_head":"<!-- This site is optimized with the Yoast SEO plugin v27.3 - https:\/\/yoast.com\/product\/yoast-seo-wordpress\/ -->\n<title>Asesor\u00eda Legal Inmobiliaria - Contratos, Estudios y Mucho m\u00e1s<\/title>\n<meta name=\"description\" content=\"Asesor\u00eda Legal Inmobiliaria - Confecci\u00f3n de contratos para proyectos inmobiliarios, confecci\u00f3n de informes, t\u00edtulos de dominio, saneamiento, asesor\u00edas y m\u00e1s\" \/>\n<meta name=\"robots\" content=\"index, follow, max-snippet:-1, max-image-preview:large, max-video-preview:-1\" \/>\n<link rel=\"canonical\" href=\"https:\/\/koehlerycia.cl\/index.php\/asesoria-legal-inmobiliaria\/\" \/>\n<meta property=\"og:locale\" content=\"es_ES\" \/>\n<meta property=\"og:type\" content=\"article\" \/>\n<meta property=\"og:title\" content=\"Asesor\u00eda Legal Inmobiliaria - Contratos, Estudios y Mucho m\u00e1s\" \/>\n<meta property=\"og:description\" content=\"Asesor\u00eda Legal Inmobiliaria - Confecci\u00f3n de contratos para proyectos inmobiliarios, confecci\u00f3n de informes, t\u00edtulos de dominio, saneamiento, asesor\u00edas y m\u00e1s\" \/>\n<meta property=\"og:url\" content=\"https:\/\/koehlerycia.cl\/index.php\/asesoria-legal-inmobiliaria\/\" \/>\n<meta property=\"og:site_name\" content=\"KOEHLER Y CIA\" \/>\n<meta property=\"article:modified_time\" content=\"2019-08-02T03:53:13+00:00\" \/>\n<meta property=\"og:image\" content=\"https:\/\/koehlerycia.cl\/wp-content\/uploads\/2019\/05\/edificio-2.jpg\" \/>\n\t<meta property=\"og:image:width\" content=\"550\" \/>\n\t<meta property=\"og:image:height\" content=\"650\" \/>\n\t<meta property=\"og:image:type\" content=\"image\/jpeg\" \/>\n<meta name=\"twitter:card\" content=\"summary_large_image\" \/>\n<meta name=\"twitter:label1\" content=\"Tiempo de lectura\" \/>\n\t<meta name=\"twitter:data1\" content=\"2 minutos\" \/>\n<script type=\"application\/ld+json\" class=\"yoast-schema-graph\">{\"@context\":\"https:\\\/\\\/schema.org\",\"@graph\":[{\"@type\":\"WebPage\",\"@id\":\"https:\\\/\\\/koehlerycia.cl\\\/index.php\\\/asesoria-legal-inmobiliaria\\\/\",\"url\":\"https:\\\/\\\/koehlerycia.cl\\\/index.php\\\/asesoria-legal-inmobiliaria\\\/\",\"name\":\"Asesor\u00eda Legal Inmobiliaria - Contratos, Estudios y Mucho m\u00e1s\",\"isPartOf\":{\"@id\":\"https:\\\/\\\/koehlerycia.cl\\\/#website\"},\"primaryImageOfPage\":{\"@id\":\"https:\\\/\\\/koehlerycia.cl\\\/index.php\\\/asesoria-legal-inmobiliaria\\\/#primaryimage\"},\"image\":{\"@id\":\"https:\\\/\\\/koehlerycia.cl\\\/index.php\\\/asesoria-legal-inmobiliaria\\\/#primaryimage\"},\"thumbnailUrl\":\"https:\\\/\\\/koehlerycia.cl\\\/wp-content\\\/uploads\\\/2019\\\/05\\\/edificio-2.jpg\",\"datePublished\":\"2019-05-02T21:44:56+00:00\",\"dateModified\":\"2019-08-02T03:53:13+00:00\",\"description\":\"Asesor\u00eda Legal Inmobiliaria - Confecci\u00f3n de contratos para proyectos inmobiliarios, confecci\u00f3n de informes, t\u00edtulos de dominio, saneamiento, asesor\u00edas y m\u00e1s\",\"breadcrumb\":{\"@id\":\"https:\\\/\\\/koehlerycia.cl\\\/index.php\\\/asesoria-legal-inmobiliaria\\\/#breadcrumb\"},\"inLanguage\":\"es\",\"potentialAction\":[{\"@type\":\"ReadAction\",\"target\":[\"https:\\\/\\\/koehlerycia.cl\\\/index.php\\\/asesoria-legal-inmobiliaria\\\/\"]}]},{\"@type\":\"ImageObject\",\"inLanguage\":\"es\",\"@id\":\"https:\\\/\\\/koehlerycia.cl\\\/index.php\\\/asesoria-legal-inmobiliaria\\\/#primaryimage\",\"url\":\"https:\\\/\\\/koehlerycia.cl\\\/wp-content\\\/uploads\\\/2019\\\/05\\\/edificio-2.jpg\",\"contentUrl\":\"https:\\\/\\\/koehlerycia.cl\\\/wp-content\\\/uploads\\\/2019\\\/05\\\/edificio-2.jpg\",\"width\":550,\"height\":650,\"caption\":\"Asesor\u00eda legal inmobiliaria\"},{\"@type\":\"BreadcrumbList\",\"@id\":\"https:\\\/\\\/koehlerycia.cl\\\/index.php\\\/asesoria-legal-inmobiliaria\\\/#breadcrumb\",\"itemListElement\":[{\"@type\":\"ListItem\",\"position\":1,\"name\":\"Portada\",\"item\":\"https:\\\/\\\/koehlerycia.cl\\\/\"},{\"@type\":\"ListItem\",\"position\":2,\"name\":\"ASESOR\u00cdA LEGAL TRIBUTARIA INMOBILIARIA\"}]},{\"@type\":\"WebSite\",\"@id\":\"https:\\\/\\\/koehlerycia.cl\\\/#website\",\"url\":\"https:\\\/\\\/koehlerycia.cl\\\/\",\"name\":\"KOEHLER Y CIA\",\"description\":\"Asesor\u00eda Legal Inmobiliaria y rebaja contribuciones\",\"potentialAction\":[{\"@type\":\"SearchAction\",\"target\":{\"@type\":\"EntryPoint\",\"urlTemplate\":\"https:\\\/\\\/koehlerycia.cl\\\/?s={search_term_string}\"},\"query-input\":{\"@type\":\"PropertyValueSpecification\",\"valueRequired\":true,\"valueName\":\"search_term_string\"}}],\"inLanguage\":\"es\"}]}<\/script>\n<!-- \/ Yoast SEO plugin. -->","yoast_head_json":{"title":"Asesor\u00eda Legal Inmobiliaria - Contratos, Estudios y Mucho m\u00e1s","description":"Asesor\u00eda Legal Inmobiliaria - Confecci\u00f3n de contratos para proyectos inmobiliarios, confecci\u00f3n de informes, t\u00edtulos de dominio, saneamiento, asesor\u00edas y m\u00e1s","robots":{"index":"index","follow":"follow","max-snippet":"max-snippet:-1","max-image-preview":"max-image-preview:large","max-video-preview":"max-video-preview:-1"},"canonical":"https:\/\/koehlerycia.cl\/index.php\/asesoria-legal-inmobiliaria\/","og_locale":"es_ES","og_type":"article","og_title":"Asesor\u00eda Legal Inmobiliaria - Contratos, Estudios y Mucho m\u00e1s","og_description":"Asesor\u00eda Legal Inmobiliaria - Confecci\u00f3n de contratos para proyectos inmobiliarios, confecci\u00f3n de informes, t\u00edtulos de dominio, saneamiento, asesor\u00edas y m\u00e1s","og_url":"https:\/\/koehlerycia.cl\/index.php\/asesoria-legal-inmobiliaria\/","og_site_name":"KOEHLER Y CIA","article_modified_time":"2019-08-02T03:53:13+00:00","og_image":[{"width":550,"height":650,"url":"https:\/\/koehlerycia.cl\/wp-content\/uploads\/2019\/05\/edificio-2.jpg","type":"image\/jpeg"}],"twitter_card":"summary_large_image","twitter_misc":{"Tiempo de lectura":"2 minutos"},"schema":{"@context":"https:\/\/schema.org","@graph":[{"@type":"WebPage","@id":"https:\/\/koehlerycia.cl\/index.php\/asesoria-legal-inmobiliaria\/","url":"https:\/\/koehlerycia.cl\/index.php\/asesoria-legal-inmobiliaria\/","name":"Asesor\u00eda Legal Inmobiliaria - Contratos, Estudios y Mucho m\u00e1s","isPartOf":{"@id":"https:\/\/koehlerycia.cl\/#website"},"primaryImageOfPage":{"@id":"https:\/\/koehlerycia.cl\/index.php\/asesoria-legal-inmobiliaria\/#primaryimage"},"image":{"@id":"https:\/\/koehlerycia.cl\/index.php\/asesoria-legal-inmobiliaria\/#primaryimage"},"thumbnailUrl":"https:\/\/koehlerycia.cl\/wp-content\/uploads\/2019\/05\/edificio-2.jpg","datePublished":"2019-05-02T21:44:56+00:00","dateModified":"2019-08-02T03:53:13+00:00","description":"Asesor\u00eda Legal Inmobiliaria - Confecci\u00f3n de contratos para proyectos inmobiliarios, confecci\u00f3n de informes, t\u00edtulos de dominio, saneamiento, asesor\u00edas y m\u00e1s","breadcrumb":{"@id":"https:\/\/koehlerycia.cl\/index.php\/asesoria-legal-inmobiliaria\/#breadcrumb"},"inLanguage":"es","potentialAction":[{"@type":"ReadAction","target":["https:\/\/koehlerycia.cl\/index.php\/asesoria-legal-inmobiliaria\/"]}]},{"@type":"ImageObject","inLanguage":"es","@id":"https:\/\/koehlerycia.cl\/index.php\/asesoria-legal-inmobiliaria\/#primaryimage","url":"https:\/\/koehlerycia.cl\/wp-content\/uploads\/2019\/05\/edificio-2.jpg","contentUrl":"https:\/\/koehlerycia.cl\/wp-content\/uploads\/2019\/05\/edificio-2.jpg","width":550,"height":650,"caption":"Asesor\u00eda legal inmobiliaria"},{"@type":"BreadcrumbList","@id":"https:\/\/koehlerycia.cl\/index.php\/asesoria-legal-inmobiliaria\/#breadcrumb","itemListElement":[{"@type":"ListItem","position":1,"name":"Portada","item":"https:\/\/koehlerycia.cl\/"},{"@type":"ListItem","position":2,"name":"ASESOR\u00cdA LEGAL TRIBUTARIA INMOBILIARIA"}]},{"@type":"WebSite","@id":"https:\/\/koehlerycia.cl\/#website","url":"https:\/\/koehlerycia.cl\/","name":"KOEHLER Y CIA","description":"Asesor\u00eda Legal Inmobiliaria y rebaja contribuciones","potentialAction":[{"@type":"SearchAction","target":{"@type":"EntryPoint","urlTemplate":"https:\/\/koehlerycia.cl\/?s={search_term_string}"},"query-input":{"@type":"PropertyValueSpecification","valueRequired":true,"valueName":"search_term_string"}}],"inLanguage":"es"}]}},"_links":{"self":[{"href":"https:\/\/koehlerycia.cl\/index.php\/wp-json\/wp\/v2\/pages\/344","targetHints":{"allow":["GET"]}}],"collection":[{"href":"https:\/\/koehlerycia.cl\/index.php\/wp-json\/wp\/v2\/pages"}],"about":[{"href":"https:\/\/koehlerycia.cl\/index.php\/wp-json\/wp\/v2\/types\/page"}],"author":[{"embeddable":true,"href":"https:\/\/koehlerycia.cl\/index.php\/wp-json\/wp\/v2\/users\/3"}],"replies":[{"embeddable":true,"href":"https:\/\/koehlerycia.cl\/index.php\/wp-json\/wp\/v2\/comments?post=344"}],"version-history":[{"count":7,"href":"https:\/\/koehlerycia.cl\/index.php\/wp-json\/wp\/v2\/pages\/344\/revisions"}],"predecessor-version":[{"id":529,"href":"https:\/\/koehlerycia.cl\/index.php\/wp-json\/wp\/v2\/pages\/344\/revisions\/529"}],"wp:featuredmedia":[{"embeddable":true,"href":"https:\/\/koehlerycia.cl\/index.php\/wp-json\/wp\/v2\/media\/456"}],"wp:attachment":[{"href":"https:\/\/koehlerycia.cl\/index.php\/wp-json\/wp\/v2\/media?parent=344"}],"curies":[{"name":"wp","href":"https:\/\/api.w.org\/{rel}","templated":true}]}}